{"id":392,"date":"2015-10-02T16:09:11","date_gmt":"2015-10-02T14:09:11","guid":{"rendered":"http:\/\/www.kymatic.es\/web\/?page_id=392"},"modified":"2015-10-05T17:08:38","modified_gmt":"2015-10-05T15:08:38","slug":"soluciones-continuidad-negocio-storagecraft","status":"publish","type":"page","link":"https:\/\/www.kymatic.es\/web\/soluciones-continuidad-negocio-storagecraft\/","title":{"rendered":"Soluciones Continuidad Negocio &#8211; StorageCraft"},"content":{"rendered":"","protected":false},"excerpt":{"rendered":"<p>S\u00f3ftware no s\u00f3lo para realizar copias de seguridad&#8230; sino para recuperar la informaci\u00f3n para que su negocio no se pare.<\/p>\n","protected":false},"author":1,"featured_media":393,"parent":0,"menu_order":0,"comment_status":"closed","ping_status":"closed","template":"page-full.php","meta":{"_et_pb_use_builder":"","_et_pb_old_content":"","footnotes":""},"_links":{"self":[{"href":"https:\/\/www.kymatic.es\/web\/wp-json\/wp\/v2\/pages\/392"}],"collection":[{"href":"https:\/\/www.kymatic.es\/web\/wp-json\/wp\/v2\/pages"}],"about":[{"href":"https:\/\/www.kymatic.es\/web\/wp-json\/wp\/v2\/types\/page"}],"author":[{"embeddable":true,"href":"https:\/\/www.kymatic.es\/web\/wp-json\/wp\/v2\/users\/1"}],"replies":[{"embeddable":true,"href":"https:\/\/www.kymatic.es\/web\/wp-json\/wp\/v2\/comments?post=392"}],"version-history":[{"count":2,"href":"https:\/\/www.kymatic.es\/web\/wp-json\/wp\/v2\/pages\/392\/revisions"}],"predecessor-version":[{"id":397,"href":"https:\/\/www.kymatic.es\/web\/wp-json\/wp\/v2\/pages\/392\/revisions\/397"}],"wp:featuredmedia":[{"embeddable":true,"href":"https:\/\/www.kymatic.es\/web\/wp-json\/wp\/v2\/media\/393"}],"wp:attachment":[{"href":"https:\/\/www.kymatic.es\/web\/wp-json\/wp\/v2\/media?parent=392"}],"curies":[{"name":"wp","href":"https:\/\/api.w.org\/{rel}","templated":true}]}}